{"id":143,"date":"2018-09-01T12:24:20","date_gmt":"2018-09-01T10:24:20","guid":{"rendered":"https:\/\/neodvisni-velenje.com\/doma\/?page_id=143"},"modified":"2020-05-11T19:23:24","modified_gmt":"2020-05-11T17:23:24","slug":"obvestila","status":"publish","type":"page","link":"https:\/\/velenje.nadlani.online\/doma\/obvestila\/","title":{"rendered":"Obvestila"},"content":{"rendered":"\n<h1 class=\"has-text-align-center\">KOLEDAR PRIREDITEV<\/h1>\n\n\n\n<p class=\"has-text-align-center\">(Za ogled kliknite v sliko)<\/p>\n\n\n\n<div class=\"wp-block-image\"><figure class=\"aligncenter\"><a href=\"http:\/\/www.festival-velenje.si\/filelib\/2018\/koledar_prireditev\/koledar_prireditev_september18.pdf\" target=\"_blank\" rel=\"noopener noreferrer\"><img loading=\"lazy\" width=\"300\" height=\"138\" src=\"https:\/\/velenje.nadlani.online\/doma\/wp-content\/uploads\/web_fotke\/Obvestila-Meniji\/koledarprireditev3-300x138.jpg\" alt=\"\" class=\"wp-image-1199\" srcset=\"https:\/\/velenje.nadlani.online\/doma\/wp-content\/uploads\/web_fotke\/Obvestila-Meniji\/koledarprireditev3-300x138.jpg 300w, https:\/\/velenje.nadlani.online\/doma\/wp-content\/uploads\/web_fotke\/Obvestila-Meniji\/koledarprireditev3.jpg 411w\" sizes=\"(max-width: 300px) 100vw, 300px\" \/><\/a><\/figure><\/div>\n\n\n\n<p class=\"has-text-align-center\">(vir: Festival Velenje)<\/p>\n\n\n\n<h1 class=\"has-text-align-center\">KINO SPORED<\/h1>\n\n\n\n<p class=\"has-text-align-center\">(Za ogled kliknite v sliko)<\/p>\n\n\n\n<div class=\"wp-block-image\"><figure class=\"aligncenter size-large\"><a href=\"https:\/\/gremovkino.si\/kino-spored\/celje\" target=\"_blank\" rel=\"noopener noreferrer\"><img loading=\"lazy\" width=\"442\" height=\"140\" src=\"https:\/\/velenje.nadlani.online\/doma\/wp-content\/uploads\/2020\/02\/KinoCelje-2.jpg\" alt=\"\" class=\"wp-image-13166\" srcset=\"https:\/\/velenje.nadlani.online\/doma\/wp-content\/uploads\/2020\/02\/KinoCelje-2.jpg 442w, https:\/\/velenje.nadlani.online\/doma\/wp-content\/uploads\/2020\/02\/KinoCelje-2-300x95.jpg 300w\" sizes=\"(max-width: 442px) 100vw, 442px\" \/><\/a><\/figure><\/div>\n\n\n\n<div class=\"wp-block-image\"><figure class=\"aligncenter\"><a href=\"http:\/\/www.kino-velenje.si\/\"><img loading=\"lazy\" width=\"250\" height=\"140\" src=\"https:\/\/velenje.nadlani.online\/doma\/wp-content\/uploads\/2018\/09\/KinoVelenje.jpg\" alt=\"\" class=\"wp-image-274\"\/><\/a><\/figure><\/div>\n\n\n\n<hr class=\"wp-block-separator\"\/>\n\n\n\n<h1 class=\"has-text-align-center\">KAJ BO DOBREGA ZA MALICO?<\/h1>\n\n\n\n<h1 class=\"has-text-align-center\"><figure><img loading=\"lazy\" width=\"214\" height=\"216\" class=\" wp-image-1171 aligncenter\" src=\"https:\/\/velenje.nadlani.online\/doma\/wp-content\/uploads\/web_fotke\/Stati\u010dne\/Dober-tek-2-300x298.png\" alt=\"\"><\/figure><\/h1>\n\n\n\n<h3 class=\"has-text-align-center\">Kliknite v svojo restavracijo in preverite kaj bo dobrega!<\/h3>\n\n\n\n<div class=\"wp-block-image\"><figure class=\"aligncenter size-large is-resized\"><a href=\"http:\/\/hotelpaka.com\/kulinarika\/\" target=\"_blank\" rel=\"noreferrer noopener\"><img loading=\"lazy\" src=\"https:\/\/velenje.nadlani.online\/doma\/wp-content\/uploads\/2020\/02\/Hotel_Paka.jpg\" alt=\"\" class=\"wp-image-13205\" width=\"320\" height=\"240\" srcset=\"https:\/\/velenje.nadlani.online\/doma\/wp-content\/uploads\/2020\/02\/Hotel_Paka.jpg 640w, https:\/\/velenje.nadlani.online\/doma\/wp-content\/uploads\/2020\/02\/Hotel_Paka-300x225.jpg 300w\" sizes=\"(max-width: 320px) 100vw, 320px\" \/><\/a><\/figure><\/div>\n\n\n\n<div class=\"wp-block-image\"><figure class=\"aligncenter size-large\"><a href=\"https:\/\/neodvisni-velenje.com\/doma\/wp-content\/uploads\/web_fotke\/Obvestila-Meniji\/KavarnaOrange.pdf\" target=\"_blank\" rel=\"noreferrer noopener\"><img src=\"https:\/\/velenje.nadlani.online\/doma\/wp-content\/uploads\/2020\/02\/Arkada-1.jpg\" alt=\"\" class=\"wp-image-13189\"\/><\/a><\/figure><\/div>\n\n\n\n<div class=\"wp-block-image\"><figure class=\"aligncenter size-large\"><img loading=\"lazy\" width=\"308\" height=\"63\" src=\"https:\/\/velenje.nadlani.online\/doma\/wp-content\/uploads\/2020\/02\/KavarnaOrange-1.jpg\" alt=\"\" class=\"wp-image-13190\" srcset=\"https:\/\/velenje.nadlani.online\/doma\/wp-content\/uploads\/2020\/02\/KavarnaOrange-1.jpg 308w, https:\/\/velenje.nadlani.online\/doma\/wp-content\/uploads\/2020\/02\/KavarnaOrange-1-300x61.jpg 300w\" sizes=\"(max-width: 308px) 100vw, 308px\" \/><\/figure><\/div>\n\n\n\n<div class=\"wp-block-image\"><figure class=\"aligncenter\"><img loading=\"lazy\" width=\"139\" height=\"122\" src=\"https:\/\/velenje.nadlani.online\/doma\/wp-content\/uploads\/web_fotke\/Obvestila-Meniji\/RestavracijaJezero.jpg\" alt=\"\" class=\"wp-image-242\"\/><\/figure><\/div>\n\n\n\n<div class=\"wp-block-image\"><figure class=\"aligncenter\"><img loading=\"lazy\" width=\"263\" height=\"98\" src=\"https:\/\/velenje.nadlani.online\/doma\/wp-content\/uploads\/web_fotke\/Obvestila-Meniji\/PriBrigiti.jpg\" alt=\"\" class=\"wp-image-240\"\/><\/figure><\/div>\n\n\n\n<div class=\"wp-block-image\"><figure class=\"aligncenter\"><img loading=\"lazy\" width=\"125\" height=\"116\" src=\"https:\/\/velenje.nadlani.online\/doma\/wp-content\/uploads\/web_fotke\/Obvestila-Meniji\/DK.jpg\" alt=\"\" class=\"wp-image-237\"\/><\/figure><\/div>\n\n\n\n<div class=\"wp-block-image\"><figure class=\"aligncenter\"><img loading=\"lazy\" width=\"231\" height=\"75\" src=\"https:\/\/velenje.nadlani.online\/doma\/wp-content\/uploads\/web_fotke\/Obvestila-Meniji\/PodJakcem.jpg\" alt=\"\" class=\"wp-image-239\"\/><\/figure><\/div>\n\n\n\n<div class=\"wp-block-image\"><figure class=\"aligncenter\"><img loading=\"lazy\" width=\"139\" height=\"145\" src=\"https:\/\/velenje.nadlani.online\/doma\/wp-content\/uploads\/web_fotke\/Obvestila-Meniji\/VilaHerberstein.jpg\" alt=\"\" class=\"wp-image-243\"\/><\/figure><\/div>\n\n\n\n<div class=\"wp-block-image\"><figure class=\"aligncenter\"><img loading=\"lazy\" width=\"194\" height=\"90\" src=\"https:\/\/velenje.nadlani.online\/doma\/wp-content\/uploads\/web_fotke\/Obvestila-Meniji\/PriKnapu.jpg\" alt=\"\" class=\"wp-image-241\"\/><\/figure><\/div>\n\n\n\n<div class=\"wp-block-image\"><figure class=\"aligncenter\"><img loading=\"lazy\" width=\"216\" height=\"69\" src=\"https:\/\/velenje.nadlani.online\/doma\/wp-content\/uploads\/web_fotke\/Obvestila-Meniji\/KolodvorskaRest.jpg\" alt=\"\" class=\"wp-image-251\"\/><\/figure><\/div>\n\n\n\n<hr class=\"wp-block-separator\"\/>\n\n\n\n<h2 class=\"has-text-align-center\"><strong>POTREBUJETE POMO\u010c&#8230;..<br>POI\u0160\u010cI KONTAKT in POVEJ NAPREJ !<\/strong><\/h2>\n\n\n\n<h3 class=\"has-text-align-center\"><figure><img loading=\"lazy\" class=\"wp-image-1153 alignnone\" src=\"https:\/\/velenje.nadlani.online\/doma\/wp-content\/uploads\/2018\/09\/Vpra\u0161anje-obvestila-300x220.png\" alt=\"\" width=\"130\" height=\"120\"><\/figure><\/h3>\n\n\n\n<hr class=\"wp-block-separator\"\/>\n\n\n\n<h2 class=\"has-text-align-center\"><strong>RAZPOREDI ZDRAVSTVENIH AMBULANT: <\/strong><\/h2>\n\n\n\n<p class=\"has-text-align-center\"><strong>Velenje, \u0160o\u0161tanj, \u0160martno ob Paki<\/strong><\/p>\n\n\n\n<div class=\"wp-block-image\"><figure class=\"aligncenter\"><img loading=\"lazy\" width=\"202\" height=\"92\" src=\"https:\/\/velenje.nadlani.online\/doma\/wp-content\/uploads\/web_fotke\/Obvestila-Meniji\/zdr.jpg\" alt=\"\" class=\"wp-image-1198\"\/><\/figure><\/div>\n\n\n\n<p class=\"has-text-align-center\"><a href=\"http:\/\/www.festival-velenje.si\/filelib\/2018\/koledar_prireditev\/koledar_prireditev_september18.pdf\" target=\"_blank\" rel=\"noopener noreferrer\">Za ogled kliknite tukaj.<\/a><br>(vir: ZD Velenje)<\/p>\n\n\n\n<hr class=\"wp-block-separator\"\/>\n\n\n\n<h2 class=\"has-text-align-center\"><strong>DE\u017dURNE SLU\u017dBE, INTERNET,&nbsp; TAXI, ELEKTRO, KOMUNALA, VETERINA, TELEKOM, T-2, A1, &#8230;.<\/strong><\/h2>\n\n\n\n<p class=\"has-text-align-center\"><a href=\"https:\/\/velenje.nadlani.online\/doma\/wp-content\/uploads\/web_fotke\/Obvestila-Meniji\/ZDV.pdf\" target=\"_blank\" rel=\"noopener noreferrer\">Za ogled kliknite tukaj<\/a><a href=\"https:\/\/neodvisni-velenje.com\/doma\/wp-content\/uploads\/web_fotke\/Obvestila-Meniji\/ZDV.pdf\" target=\"_blank\" rel=\"noopener noreferrer\">.<\/a><\/p>\n\n\n\n<hr class=\"wp-block-separator\"\/>\n\n\n\n<h2 class=\"has-text-align-center\"><strong>KULTURNE USTANOVE:<\/strong><br><strong>KNJI\u017dNICA, MUZEJI, GLASBENA \u0160OLA, GALERIJE,&#8230;<\/strong><\/h2>\n\n\n\n<p class=\"has-text-align-center\"><a href=\"https:\/\/velenje.nadlani.online\/doma\/wp-content\/uploads\/web_fotke\/Obvestila-Meniji\/kult.ust_.kontakti.pdf\" target=\"_blank\" rel=\"noopener noreferrer\">Za ogled kliknite tukaj<\/a><a href=\"https:\/\/neodvisni-velenje.com\/doma\/wp-content\/uploads\/web_fotke\/Obvestila-Meniji\/kult.ust_.kontakti.pdf\" target=\"_blank\" rel=\"noopener noreferrer\">.<\/a><\/p>\n","protected":false},"excerpt":{"rendered":"<p>KOLEDAR PRIREDITEV (Za ogled kliknite v sliko) (vir: Festival Velenje) KINO SPORED (Za ogled kliknite v sliko) KAJ BO DOBREGA ZA MALICO? Kliknite v svojo restavracijo in preverite kaj bo dobrega! POTREBUJETE POMO\u010c&#8230;..POI\u0160\u010cI KONTAKT in POVEJ NAPREJ ! RAZPOREDI ZDRAVSTVENIH AMBULANT: Velenje, \u0160o\u0161tanj, \u0160martno ob Paki Za ogled kliknite tukaj.(vir: ZD Velenje) DE\u017dURNE SLU\u017dBE, INTERNET,&nbsp; [&hellip;]<\/p>\n","protected":false},"author":1,"featured_media":0,"parent":0,"menu_order":0,"comment_status":"closed","ping_status":"closed","template":"","meta":{"_mi_skip_tracking":false,"_links_to":"","_links_to_target":""},"_links":{"self":[{"href":"https:\/\/velenje.nadlani.online\/doma\/wp-json\/wp\/v2\/pages\/143"}],"collection":[{"href":"https:\/\/velenje.nadlani.online\/doma\/wp-json\/wp\/v2\/pages"}],"about":[{"href":"https:\/\/velenje.nadlani.online\/doma\/wp-json\/wp\/v2\/types\/page"}],"author":[{"embeddable":true,"href":"https:\/\/velenje.nadlani.online\/doma\/wp-json\/wp\/v2\/users\/1"}],"replies":[{"embeddable":true,"href":"https:\/\/velenje.nadlani.online\/doma\/wp-json\/wp\/v2\/comments?post=143"}],"version-history":[{"count":124,"href":"https:\/\/velenje.nadlani.online\/doma\/wp-json\/wp\/v2\/pages\/143\/revisions"}],"predecessor-version":[{"id":27661,"href":"https:\/\/velenje.nadlani.online\/doma\/wp-json\/wp\/v2\/pages\/143\/revisions\/27661"}],"wp:attachment":[{"href":"https:\/\/velenje.nadlani.online\/doma\/wp-json\/wp\/v2\/media?parent=143"}],"curies":[{"name":"wp","href":"https:\/\/api.w.org\/{rel}","templated":true}]}}