{"id":27697,"date":"2020-05-11T19:52:28","date_gmt":"2020-05-11T17:52:28","guid":{"rendered":"https:\/\/velenje.nadlani.online\/doma\/?page_id=27697"},"modified":"2020-05-13T18:08:39","modified_gmt":"2020-05-13T16:08:39","slug":"napisi-mali-oglas","status":"publish","type":"page","link":"https:\/\/velenje.nadlani.online\/doma\/napisi-mali-oglas\/","title":{"rendered":"Napi\u0161i mali oglas"},"content":{"rendered":"\n<p><strong>POGOJI OGLA\u0160EVANJA<\/strong><\/p>\n\n\n\n<p>Brezpla\u010dni mali oglasi so namenjeni le fizi\u010dnim osebam. Omejeni so na 100 besed in tri fotografije. Oglas se samodejno izbri\u0161e po 14 dneh.<\/p>\n\n\n\n<p>Za celotno vsebino oglasa (kvaliteto blaga ali storitve, avtorske pravice, dovoljenja za opravljanje dejavnosti,\u2026) je odgovoren uporabnik sam.<br>Oglasi, ki ne bodo v skladu s <a href=\"https:\/\/velenje.nadlani.online\/doma\/pogoji-in-omejitve-mali-oglasi\/\" target=\"_blank\" rel=\"noreferrer noopener\">pogoji<\/a> se jih bo izbrisalo. Pri ponavljanju kr\u0161itev se lahko izbri\u0161e tudi profil uporabnika.<\/p>\n\n\n\n<p>Mali oglas ali oglasni prostor lahko za dolo\u010den \u010das zakupite. (<a href=\"https:\/\/neodvisni-velenje.com\/doma\/cenik-oglasov\/\">Cenik<\/a>).<br>Za ve\u010d informacij pi\u0161ite na: <a href=\"mailto:urednistvo@nadlani.online?subject=Povpra\u0161evanje%20po%20oglasnem%20prostoru\">urednistvo@nadlani.online<\/a><\/p>\n\n\n\n<p>Lep pozdrav, Uredni\u0161tvo<\/p>\n\n\n\n\r\n                    \r\n    \r\n<form action=\"\" method=\"post\" class=\"adverts-form adverts-form-aligned\">\r\n    <fieldset>\r\n        \r\n                <input type=\"hidden\" name=\"_post_id\" id=\"_post_id\"  \/>                <input type=\"hidden\" name=\"_adverts_action\" id=\"_adverts_action\" value=\"preview\"  \/>                <input type=\"hidden\" name=\"_wpadverts_checksum\" id=\"_wpadverts_checksum\" value=\"2439d384a76340f0d3c05b017501bfa6\"  \/>                <input type=\"hidden\" name=\"_wpadverts_checksum_nonce\" id=\"_wpadverts_checksum_nonce\" value=\"e63c310cf7\"  \/>                <input type=\"hidden\" name=\"_post_id_nonce\" id=\"_post_id_nonce\"  \/>                \r\n                \r\n        <div class=\"adverts-control-group adverts-field-header adverts-field-name-_contact_information \">\r\n            \r\n                        <div class=\"adverts-field-header\">\r\n                <span class=\"adverts-field-header-title\">Kontaktni podatki<\/span>\r\n                            <\/div>\r\n                        \r\n                        \r\n        <\/div>\r\n                \r\n        <div class=\"adverts-control-group adverts-field-account adverts-field-name-_adverts_account \">\r\n            \r\n                        \r\n            <label for=\"_adverts_account\">\r\n                Uporabnik                            <\/label>\r\n            \r\n            <div class=\"adverts-form-input-group adverts-form-input-group-checkbox adverts-field-rows-1\" ><div ><label for=\"_adverts_account_1\" ><input type=\"checkbox\" name=\"_adverts_account[]\" id=\"_adverts_account_1\" value=\"1\"  \/> Create an account for me so I can manage all my ads from one place (password will be emailed to you) or <a href=\"https:\/\/velenje.nadlani.online\/doma\/up-login\/?redirect_to=https%3A%2F%2Fvelenje.nadlani.online%2Fdoma%2Fnapisi-mali-oglas%2F\">Sign In<\/a><\/label><\/div><\/div>\r\n                        \r\n                        \r\n        <\/div>\r\n                \r\n        <div class=\"adverts-control-group adverts-field-text adverts-field-name-adverts_person \">\r\n            \r\n                        \r\n            <label for=\"adverts_person\">\r\n                Kontaktna oseba                                <span class=\"adverts-form-required\">*<\/span>\r\n                            <\/label>\r\n            \r\n            <input type=\"text\" name=\"adverts_person\" id=\"adverts_person\"  \/>\r\n                        \r\n                        \r\n        <\/div>\r\n                \r\n        <div class=\"adverts-control-group adverts-field-text adverts-field-name-adverts_email \">\r\n            \r\n                        \r\n            <label for=\"adverts_email\">\r\n                Email                                <span class=\"adverts-form-required\">*<\/span>\r\n                            <\/label>\r\n            \r\n            <input type=\"text\" name=\"adverts_email\" id=\"adverts_email\"  \/>\r\n                        \r\n                        \r\n        <\/div>\r\n                \r\n        <div class=\"adverts-control-group adverts-field-text adverts-field-name-adverts_phone \">\r\n            \r\n                        \r\n            <label for=\"adverts_phone\">\r\n                Telefonska \u0161tevilka                            <\/label>\r\n            \r\n            <input type=\"text\" name=\"adverts_phone\" id=\"adverts_phone\"  \/>\r\n                        \r\n                        \r\n        <\/div>\r\n                \r\n        <div class=\"adverts-control-group adverts-field-header adverts-field-name-_item_information \">\r\n            \r\n                        <div class=\"adverts-field-header\">\r\n                <span class=\"adverts-field-header-title\">Podatki o izdelku oz. storitvi<\/span>\r\n                            <\/div>\r\n                        \r\n                        \r\n        <\/div>\r\n                \r\n        <div class=\"adverts-control-group adverts-field-text adverts-field-name-post_title \">\r\n            \r\n                        \r\n            <label for=\"post_title\">\r\n                Naslov                                <span class=\"adverts-form-required\">*<\/span>\r\n                            <\/label>\r\n            \r\n            <input type=\"text\" name=\"post_title\" id=\"post_title\"  \/>\r\n                        \r\n                        \r\n        <\/div>\r\n                \r\n        <div class=\"adverts-control-group adverts-field-select adverts-field-name-advert_category \">\r\n            \r\n                        \r\n            <label for=\"advert_category\">\r\n                Kategorija                            <\/label>\r\n            \r\n            <select id=\"advert_category\" name=\"advert_category[]\" class=\" adverts-multiselect adverts-max-choices[10]\" multiple=\"multiple\" ><option value=\"29\" >Avto-Moto<\/option><option value=\"30\" >Gradbeni Material in Oprema<\/option><option value=\"31\" >Moda<\/option><option value=\"32\" >Oprema Notranja<\/option><option value=\"33\" >Oprema Zunanja<\/option><option value=\"34\" >\u0160port<\/option><option value=\"35\" >Tehnika<\/option><\/select>\r\n                        \r\n                        \r\n        <\/div>\r\n                \r\n        <div class=\"adverts-control-group adverts-field-gallery adverts-field-name-gallery \">\r\n            \r\n                        \r\n            <label for=\"gallery\">\r\n                Galerija                            <\/label>\r\n            \r\n            \n\n\n    <div id=\"adverts-plupload-upload-ui-gallery\" class=\"adverts-plupload-upload-ui adverts-browser-frontend\">\n        <div id=\"adverts-drag-drop-area-gallery\"class=\"adverts-drag-drop-area\">\n        \n        <\/div>\n        <div class=\"adverts-gallery\">\n            <p>Drop files here to add them.<\/p>\n            <p><a href=\"#\" id=\"adverts-plupload-browse-button-gallery\" class=\"adverts-plupload-browse-button adverts-button\">izberi datoteke...<\/a><\/p>\n        <\/div>\n        <div class=\"adverts-gallery-uploads\">\n\n        <\/div>\n\n    <\/div>\n    \n            \n        \n    \n    <script type=\"text\/javascript\">\n    if(typeof ADVERTS_PLUPLOAD_DATA === \"undefined\") {\n        var ADVERTS_PLUPLOAD_DATA = [];\n    }\n    ADVERTS_PLUPLOAD_DATA.push({\"init\":{\"runtimes\":\"html5,silverlight,flash,html4\",\"browse_button\":\"adverts-plupload-browse-button-gallery\",\"container\":\"adverts-plupload-upload-ui-gallery\",\"drop_element\":\"adverts-drag-drop-area-gallery\",\"file_data_name\":\"async-upload\",\"multiple_queues\":true,\"max_file_size\":\"209715200b\",\"url\":\"https:\\\/\\\/velenje.nadlani.online\\\/doma\\\/wp-admin\\\/admin-ajax.php\",\"flash_swf_url\":\"https:\\\/\\\/velenje.nadlani.online\\\/doma\\\/wp-includes\\\/js\\\/plupload\\\/plupload.flash.swf\",\"silverlight_xap_url\":\"https:\\\/\\\/velenje.nadlani.online\\\/doma\\\/wp-includes\\\/js\\\/plupload\\\/plupload.silverlight.xap\",\"filters\":[{\"title\":\"Dovoljene datoteke\",\"extensions\":\"*\"}],\"multipart\":true,\"urlstream_upload\":true,\"multipart_params\":{\"_wpadverts_checksum_nonce\":\"e63c310cf7\",\"_wpadverts_checksum\":\"2439d384a76340f0d3c05b017501bfa6\",\"action\":\"adverts_gallery_upload\",\"form\":\"advert\",\"field_name\":\"gallery\"}},\"data\":[],\"conf\":{\"button_class\":\"adverts-button\",\"input_post_id\":\"#_post_id\",\"input_post_id_nonce\":\"#_post_id_nonce\",\"_wpadverts_checksum_nonce\":\"e63c310cf7\",\"_wpadverts_checksum\":\"2439d384a76340f0d3c05b017501bfa6\",\"_post_id\":null,\"_post_id_nonce\":null,\"field_name\":\"gallery\",\"form_name\":\"advert\"},\"sizes\":{\"adverts_gallery\":{\"enabled\":1,\"width\":650,\"height\":300,\"crop\":false},\"adverts_list\":{\"enabled\":1,\"width\":310,\"height\":190,\"crop\":true},\"adverts_upload_thumbnail\":{\"enabled\":1,\"width\":150,\"height\":105,\"crop\":true}}});\n    \n    if(typeof ADVERTS_IMAGE_SIZES === \"undefined\") {\n        var ADVERTS_IMAGE_SIZES = {\"adverts_gallery\":{\"enabled\":1,\"width\":650,\"height\":300,\"crop\":false},\"adverts_list\":{\"enabled\":1,\"width\":310,\"height\":190,\"crop\":true},\"adverts_upload_thumbnail\":{\"enabled\":1,\"width\":150,\"height\":105,\"crop\":true}};\n    }\n    <\/script>\n    \r\n                        \r\n                        \r\n        <\/div>\r\n                \r\n        <div class=\"adverts-control-group adverts-field-textarea adverts-field-name-post_content \">\r\n            \r\n                        \r\n            <label for=\"post_content\">\r\n                Opis                                <span class=\"adverts-form-required\">*<\/span>\r\n                            <\/label>\r\n            \r\n            <div id=\"wp-post_content-wrap\" class=\"wp-core-ui wp-editor-wrap tmce-active\"><link rel='stylesheet' id='dashicons-css'  href='https:\/\/velenje.nadlani.online\/doma\/wp-includes\/css\/dashicons.min.css?ver=5.9.13' type='text\/css' media='all' \/>\n<link rel='stylesheet' id='editor-buttons-css'  href='https:\/\/velenje.nadlani.online\/doma\/wp-includes\/css\/editor.min.css?ver=5.9.13' type='text\/css' media='all' \/>\n<div id=\"wp-post_content-editor-container\" class=\"wp-editor-container\"><textarea class=\"wp-editor-area\" rows=\"8\" autocomplete=\"off\" cols=\"40\" name=\"post_content\" id=\"post_content\"><\/textarea><\/div>\n<\/div>\n\n\r\n                        \r\n                        \r\n        <\/div>\r\n                \r\n        <div class=\"adverts-control-group adverts-field-text adverts-field-name-adverts_price \">\r\n            \r\n                        \r\n            <label for=\"adverts_price\">\r\n                Cena                            <\/label>\r\n            \r\n            <input type=\"text\" name=\"adverts_price\" id=\"adverts_price\" class=\"adverts-filter-money\"  \/>\r\n                        \r\n                        \r\n        <\/div>\r\n                \r\n        <div class=\"adverts-control-group adverts-field-text adverts-field-name-adverts_location \">\r\n            \r\n                        \r\n            <label for=\"adverts_location\">\r\n                Kraj                            <\/label>\r\n            \r\n            <input type=\"text\" name=\"adverts_location\" id=\"adverts_location\"  \/>\r\n                        \r\n                        \r\n        <\/div>\r\n                \r\n        <div class=\"adverts-control-group adverts-field-actions\">\r\n\r\n            <input type=\"submit\" name=\"submit\" value=\"Predogled\" style=\"font-size:1.2em\" class=\"adverts-button adverts-cancel-unload\" \/>\r\n        <\/div>\r\n        \r\n    <\/fieldset>\r\n<\/form>\n\n\n\n<p><\/p>\n","protected":false},"excerpt":{"rendered":"<p>POGOJI OGLA\u0160EVANJA Brezpla\u010dni mali oglasi so namenjeni le fizi\u010dnim osebam. Omejeni so na 100 besed in tri fotografije. Oglas se samodejno izbri\u0161e po 14 dneh. Za celotno vsebino oglasa (kvaliteto blaga ali storitve, avtorske pravice, dovoljenja za opravljanje dejavnosti,\u2026) je odgovoren uporabnik sam.Oglasi, ki ne bodo v skladu s pogoji se jih bo izbrisalo. Pri [&hellip;]<\/p>\n","protected":false},"author":1,"featured_media":0,"parent":0,"menu_order":0,"comment_status":"closed","ping_status":"closed","template":"","meta":{"_mi_skip_tracking":false,"_links_to":"","_links_to_target":""},"_links":{"self":[{"href":"https:\/\/velenje.nadlani.online\/doma\/wp-json\/wp\/v2\/pages\/27697"}],"collection":[{"href":"https:\/\/velenje.nadlani.online\/doma\/wp-json\/wp\/v2\/pages"}],"about":[{"href":"https:\/\/velenje.nadlani.online\/doma\/wp-json\/wp\/v2\/types\/page"}],"author":[{"embeddable":true,"href":"https:\/\/velenje.nadlani.online\/doma\/wp-json\/wp\/v2\/users\/1"}],"replies":[{"embeddable":true,"href":"https:\/\/velenje.nadlani.online\/doma\/wp-json\/wp\/v2\/comments?post=27697"}],"version-history":[{"count":3,"href":"https:\/\/velenje.nadlani.online\/doma\/wp-json\/wp\/v2\/pages\/27697\/revisions"}],"predecessor-version":[{"id":28151,"href":"https:\/\/velenje.nadlani.online\/doma\/wp-json\/wp\/v2\/pages\/27697\/revisions\/28151"}],"wp:attachment":[{"href":"https:\/\/velenje.nadlani.online\/doma\/wp-json\/wp\/v2\/media?parent=27697"}],"curies":[{"name":"wp","href":"https:\/\/api.w.org\/{rel}","templated":true}]}}