{"id":6,"date":"2018-08-29T18:28:51","date_gmt":"2018-08-29T18:28:51","guid":{"rendered":"https:\/\/neodvisni-velenje.com\/doma\/?page_id=6"},"modified":"2020-05-13T18:27:04","modified_gmt":"2020-05-13T16:27:04","slug":"domaca-stran","status":"publish","type":"page","link":"https:\/\/velenje.nadlani.online\/doma\/","title":{"rendered":"Doma\u010da stran"},"content":{"rendered":"<h3><strong>Novice iz na\u0161ega okolja<\/strong><\/h3>\n<p><a href=\"https:\/\/velenje.nadlani.online\/doma\/arhiv-novic-iz-nasega-okolja\/\">Arhiv<\/a> novic iz na\u0161ega okolja.<\/p>\n<div id=\"rpwwt-recent-posts-widget-with-thumbnails-4\" class=\"rpwwt-widget\">\r\n\t\t<ul>\r\n\t\t\t<li><a href=\"https:\/\/velenje.nadlani.online\/doma\/2020\/02\/veliko-pustno-rajanje-in-pustna-povorka-25-2\/\"><img width=\"200\" height=\"200\" src=\"https:\/\/velenje.nadlani.online\/doma\/wp-content\/uploads\/2018\/09\/IMG_0003-510x510.jpg\" class=\"attachment-200x200 size-200x200 wp-post-image\" alt=\"\" loading=\"lazy\" srcset=\"https:\/\/velenje.nadlani.online\/doma\/wp-content\/uploads\/2018\/09\/IMG_0003-510x510.jpg 510w, https:\/\/velenje.nadlani.online\/doma\/wp-content\/uploads\/2018\/09\/IMG_0003-150x150.jpg 150w\" sizes=\"(max-width: 200px) 100vw, 200px\" \/><span class=\"rpwwt-post-title\">Veliko pustno rajanje in pustna povorka (25. 2.)<\/span><\/a><div class=\"rpwwt-post-author\">Objavil admin<\/div><div class=\"rpwwt-post-date\">18\/02\/2020<\/div><div class=\"rpwwt-post-excerpt\">Lorem ipsum dolor sit amet, consectetur adipiscing elit. Integer tellus ante, semper sit amet neque  [\u2026]<\/div><\/li>\r\n\t\t\t<li><a href=\"https:\/\/velenje.nadlani.online\/doma\/2018\/08\/naslov\/\"><img width=\"200\" height=\"200\" src=\"https:\/\/velenje.nadlani.online\/doma\/wp-content\/plugins\/recent-posts-widget-with-thumbnails\/default_thumb.gif\" class=\"attachment-200x200\" alt=\"\" \/><span class=\"rpwwt-post-title\">Pozdravljeni na novem spletnem portalu Velenja!<\/span><\/a><div class=\"rpwwt-post-author\">Objavil admin<\/div><div class=\"rpwwt-post-date\">29\/08\/2018<\/div><div class=\"rpwwt-post-excerpt\">Tu boste na\u0161li vedno sve\u017ee, objektivne in atraktivne novice iz na\u0161ega okolja. Spremljajte novice,  [\u2026]<\/div><\/li>\r\n\t\t<\/ul>\r\n<\/div><!-- .rpwwt-widget -->\r\n\n<h3><strong>Diskusije &#8211; Najnovej\u0161e teme<\/strong><\/h3>\n<p style=\"text-align: left;\"><style type=\"text\/css\">\r\n       .errordiv { padding:10px; margin:10px; border: 1px solid #555555;color: #000000;background-color: #f8f8f8; width:500px; }#advanced_iframe {visibility:visible;opacity:1;vertical-align:top;}.ai-info-bottom-iframe { position: fixed; z-index: 10000; bottom:0; left: 0; margin: 0px; text-align: center; width: 100%; background-color: #ff9999; padding-left: 5px;padding-bottom: 5px; border-top: 1px solid #aaa } a.ai-bold {font-weight: bold;}#ai-layer-div-advanced_iframe p {height:100%;margin:0;padding:0}<\/style><script type=\"text\/javascript\">var ai_iframe_width_advanced_iframe = 0;var ai_iframe_height_advanced_iframe = 0;var aiIsIe8=false;var aiOnloadScrollTop=\"true\";var aiShowDebug=false;\r\n\t\tif (typeof aiReadyCallbacks === 'undefined') {\r\n\t\t\tvar aiReadyCallbacks = [];  \r\n\t\t} else if (!(aiReadyCallbacks instanceof Array)) {\r\n\t\t\tvar aiReadyCallbacks = [];\r\n\t\t}    function aiShowIframeId(id_iframe) { jQuery(\"#\"+id_iframe).css(\"visibility\", \"visible\");    }    function aiResizeIframeHeight(height) { aiResizeIframeHeight(height,advanced_iframe); }    function aiResizeIframeHeightId(height,width,id) {aiResizeIframeHeightById(id,height);}<\/script><iframe id=\"advanced_iframe\"  name=\"advanced_iframe\"  src=\"https:\/\/velenje.nadlani.online\/forum\/firstPage.html\"  width=\"100%\"  height=\"295\"  frameborder=\"0\"  allowtransparency=\"true\"  loading=\"lazy\"  style=\";width:100%;height:295px;\" ><\/iframe><script type=\"text\/javascript\">var ifrm_advanced_iframe = document.getElementById(\"advanced_iframe\");var hiddenTabsDoneadvanced_iframe = false;\r\nfunction resizeCallbackadvanced_iframe() {}<\/script><script type=\"text\/javascript\"><\/script>\n<a href=\"https:\/\/velenje.nadlani.online\/doma\/diskusije\/\" target=\"_blank\" rel=\"noopener noreferrer\">Na diskusije &gt;&gt;<\/a><\/p>\n<h3><strong>Zadnji mali oglasi<\/strong><\/h3>\n\r\n\r\n\r\n<div class=\"adverts-list adverts-bg-hover\">\r\n        <div class=\"adverts-list-empty\"><em>Noben oglas ne ustreza iskalnim kriterijem.<\/em><\/div>\r\n        <\/div>\r\n\r\n<div class=\"adverts-pagination\">\r\n    <\/div>\r\n\r\n\n<p>\u017delite napisati in objaviti svoj mali oglas? Kliknite <a href=\"https:\/\/velenje.nadlani.online\/doma\/napisi-mali-oglas\/\" target=\"_blank\" rel=\"noopener noreferrer\">tukaj<\/a>.<br \/>\n\u017delite pogledati vse male oglase?\u00a0 Kliknite <a href=\"https:\/\/velenje.nadlani.online\/doma\/mali-oglasi\" target=\"_blank\" rel=\"noopener noreferrer\">tukaj<\/a>.<\/p>\n<h3><strong>Sve\u017ee novice iz slovenskih medijev<br \/>\n<\/strong><\/h3>\n<p style=\"text-align: left;\"><div class=\"wp-rss-template-container\" data-wpra-template=\"default\" data-template-ctx=\"eyJleGNsdWRlIjoiNjg1LDY1NCIsImxpbWl0IjoiNSJ9\">\n    <div class=\"wp-rss-aggregator wpra-list-template  \" data-page=\"1\">\n    \n    \n<ul class=\"wpra-item-list rss-aggregator wpra-item-list--bullets wpra-item-list--default\"\n    start=\"1\">\n                        <li class=\"wpra-item feed-item \">\n            \n                \n\n    <a  href=\"https:\/\/www.zurnal24.si\/sport\/kolesarstvo\/legenda-z-odprtimi-usti-kardinalna-napaka-ki-je-pogacar-stala-roubaixa-457620\" target=\"_blank\" rel=\"nofollow\" class=\"\">Legenda z odprtimi usti: Kardinalna napaka, ki je Poga\u010dar stala Roubaixa<\/a>\n\n\n\n        \n<div class=\"wprss-feed-meta\">\n            <span class=\"feed-source\">\n            Vir:\n\n                            Latest - zurnal24.si\n                    <\/span>\n    \n            <span class=\"time-ago\">\n            Objavljeno 1 hour ago\n        <\/span>\n    \n    <\/div>\n\n            \n        <\/li>\n                    <li class=\"wpra-item feed-item \">\n            \n                \n\n    <a  href=\"https:\/\/govorise.metropolitan.si\/traci\/tuji-traci\/psihiatri-trumpovo-sokantno-vedenje\/\" target=\"_blank\" rel=\"nofollow\" class=\"\">Psihiatri analizirali Trumpovo \u0161okantno vedenje, bojijo se najhuj\u0161ega scenarija<\/a>\n\n\n\n        \n<div class=\"wprss-feed-meta\">\n            <span class=\"feed-source\">\n            Vir:\n\n                            Govori se\n                    <\/span>\n    \n            <span class=\"time-ago\">\n            Objavljeno 1 hour ago\n        <\/span>\n    \n    <\/div>\n\n            \n        <\/li>\n                    <li class=\"wpra-item feed-item \">\n            \n                \n\n    <a  href=\"https:\/\/www.delo.si\/sport\/nogomet\/luisu-enriqueju-ni-mar-proti-komu-za-finale-nocoj-bo-uzival-s-kozarcem-v-roki\" target=\"_blank\" rel=\"nofollow\" class=\"\">Luisu Enriqueju ni mar, proti komu za finale, nocoj bo u\u017eival s kozarcem v roki<\/a>\n\n\n\n        \n<div class=\"wprss-feed-meta\">\n            <span class=\"feed-source\">\n            Vir:\n\n                            Delo\n                    <\/span>\n    \n            <span class=\"time-ago\">\n            Objavljeno 1 hour ago\n        <\/span>\n    \n    <\/div>\n\n            \n        <\/li>\n                    <li class=\"wpra-item feed-item \">\n            \n                \n\n    <a  href=\"https:\/\/www.sta.si\/3545355\/predsednik-dume-cestital-stevanovicu-za-izvolitev\" target=\"_blank\" rel=\"nofollow\" class=\"\">Predsednik dume \u010destital Stevanovi\u0107u za izvolitev<\/a>\n\n\n\n        \n<div class=\"wprss-feed-meta\">\n            <span class=\"feed-source\">\n            Vir:\n\n                            STA\n                    <\/span>\n    \n            <span class=\"time-ago\">\n            Objavljeno 1 hour ago\n        <\/span>\n    \n    <\/div>\n\n            \n        <\/li>\n                    <li class=\"wpra-item feed-item \">\n            \n                \n\n    <a  href=\"https:\/\/www.zurnal24.si\/slovenija\/petrol-ukinja-mbills-457627\" target=\"_blank\" rel=\"nofollow\" class=\"\">Petrol ukinja priljubljeno storitev<\/a>\n\n\n\n        \n<div class=\"wprss-feed-meta\">\n            <span class=\"feed-source\">\n            Vir:\n\n                            Latest - zurnal24.si\n                    <\/span>\n    \n            <span class=\"time-ago\">\n            Objavljeno 1 hour ago\n        <\/span>\n    \n    <\/div>\n\n            \n        <\/li>\n        <\/ul>\n\n        \n<\/div>\n\n<\/div>\n\n<p>\u017delite pogledati vse novice ?\u00a0 Kliknite <a href=\"https:\/\/velenje.nadlani.online\/doma\/novice\/\" target=\"_blank\" rel=\"noopener noreferrer\">tukaj<\/a>.<\/p>\n","protected":false},"excerpt":{"rendered":"<p>Novice iz na\u0161ega okolja Arhiv novic iz na\u0161ega okolja. Diskusije &#8211; Najnovej\u0161e teme Na diskusije &gt;&gt; Zadnji mali oglasi \u017delite napisati in objaviti svoj mali oglas? Kliknite tukaj. \u017delite pogledati vse male oglase?\u00a0 Kliknite tukaj. Sve\u017ee novice iz slovenskih medijev \u017delite pogledati vse novice ?\u00a0 Kliknite tukaj.<\/p>\n","protected":false},"author":1,"featured_media":0,"parent":0,"menu_order":0,"comment_status":"closed","ping_status":"closed","template":"","meta":{"_mi_skip_tracking":false,"_links_to":"","_links_to_target":""},"_links":{"self":[{"href":"https:\/\/velenje.nadlani.online\/doma\/wp-json\/wp\/v2\/pages\/6"}],"collection":[{"href":"https:\/\/velenje.nadlani.online\/doma\/wp-json\/wp\/v2\/pages"}],"about":[{"href":"https:\/\/velenje.nadlani.online\/doma\/wp-json\/wp\/v2\/types\/page"}],"author":[{"embeddable":true,"href":"https:\/\/velenje.nadlani.online\/doma\/wp-json\/wp\/v2\/users\/1"}],"replies":[{"embeddable":true,"href":"https:\/\/velenje.nadlani.online\/doma\/wp-json\/wp\/v2\/comments?post=6"}],"version-history":[{"count":101,"href":"https:\/\/velenje.nadlani.online\/doma\/wp-json\/wp\/v2\/pages\/6\/revisions"}],"predecessor-version":[{"id":28161,"href":"https:\/\/velenje.nadlani.online\/doma\/wp-json\/wp\/v2\/pages\/6\/revisions\/28161"}],"wp:attachment":[{"href":"https:\/\/velenje.nadlani.online\/doma\/wp-json\/wp\/v2\/media?parent=6"}],"curies":[{"name":"wp","href":"https:\/\/api.w.org\/{rel}","templated":true}]}}