{"id":781,"date":"2018-09-18T07:42:27","date_gmt":"2018-09-18T05:42:27","guid":{"rendered":"https:\/\/neodvisni-velenje.com\/doma\/?page_id=781"},"modified":"2020-04-25T20:56:12","modified_gmt":"2020-04-25T18:56:12","slug":"novice","status":"publish","type":"page","link":"https:\/\/velenje.nadlani.online\/doma\/novice\/","title":{"rendered":"Novice"},"content":{"rendered":"\n<h2><strong>Sve\u017ee novice iz slovenskih medijev<\/strong> <\/h2>\n\n\n\n<p><\/p>\n\n\n<p style=\"text-align: center;\">&nbsp;<div class=\"wp-rss-template-container\" data-wpra-template=\"default\" data-template-ctx=\"eyJleGNsdWRlIjoiNjg1LDY1NCIsImxpbWl0IjoiNTAifQ==\">\n    <div class=\"wp-rss-aggregator wpra-list-template  \" data-page=\"1\">\n    \n    \n<ul class=\"wpra-item-list rss-aggregator wpra-item-list--bullets wpra-item-list--default\"\n    start=\"1\">\n                        <li class=\"wpra-item feed-item \">\n            \n                \n\n    <a  href=\"http:\/\/www.delo.si\/sport\/nogomet\/bayern-bundesliga-nemcija-lovorika-naslov-prvaka\" target=\"_blank\" rel=\"nofollow\" class=\"\">Preve\u010d zmagujejo \u2013 bundesligi na lovoriki primanjkuje prostora<\/a>\n\n\n\n        \n<div class=\"wprss-feed-meta\">\n            <span class=\"feed-source\">\n            Vir:\n\n                            Delo\n                    <\/span>\n    \n            <span class=\"time-ago\">\n            Objavljeno 13 minutes ago\n        <\/span>\n    \n    <\/div>\n\n            \n        <\/li>\n                    <li class=\"wpra-item feed-item \">\n            \n                \n\n    <a  href=\"https:\/\/www.rtvslo.si\/slovenija\/delodajalci-soglasno-podpirajo-interventni-razvojni-zakon-levica-to-je-zakon-za-bogate\/779517\" target=\"_blank\" rel=\"nofollow\" class=\"\">Delodajalci soglasno podpirajo interventni razvojni zakon. Levica: To je zakon za bogate<\/a>\n\n\n\n        \n<div class=\"wprss-feed-meta\">\n            <span class=\"feed-source\">\n            Vir:\n\n                            MMC RTV - Slovenija\n                    <\/span>\n    \n            <span class=\"time-ago\">\n            Objavljeno 32 minutes ago\n        <\/span>\n    \n    <\/div>\n\n            \n        <\/li>\n                    <li class=\"wpra-item feed-item \">\n            \n                \n\n    <a  href=\"https:\/\/www.sta.si\/3545156\/v-domzalah-investicije-v-zdravstvo-izobrazevanje-in-sport\" target=\"_blank\" rel=\"nofollow\" class=\"\">V Dom\u017ealah investicije v zdravstvo, izobra\u017eevanje in \u0161port<\/a>\n\n\n\n        \n<div class=\"wprss-feed-meta\">\n            <span class=\"feed-source\">\n            Vir:\n\n                            STA\n                    <\/span>\n    \n            <span class=\"time-ago\">\n            Objavljeno 32 minutes ago\n        <\/span>\n    \n    <\/div>\n\n            \n        <\/li>\n                    <li class=\"wpra-item feed-item \">\n            \n                \n\n    <a  href=\"https:\/\/www.delo.si\/sport\/nogomet\/na-bonifiki-potopcljeni-mariborcani-v-tezavah-v-se-vecjih-feda-dudic\" target=\"_blank\" rel=\"nofollow\" class=\"\">Na Bonifiki potopljeni Maribor\u010dani v te\u017eavah, v \u0161e ve\u010djih Fe\u0111a Dudi\u0107<\/a>\n\n\n\n        \n<div class=\"wprss-feed-meta\">\n            <span class=\"feed-source\">\n            Vir:\n\n                            Delo\n                    <\/span>\n    \n            <span class=\"time-ago\">\n            Objavljeno 37 minutes ago\n        <\/span>\n    \n    <\/div>\n\n            \n        <\/li>\n                    <li class=\"wpra-item feed-item \">\n            \n                \n\n    <a  href=\"https:\/\/www.zurnal24.si\/slovenija\/vendarle-smo-docakali-razplet-ovadba-zaradi-okuzene-vode-v-maximarketu-457638\" target=\"_blank\" rel=\"nofollow\" class=\"\">Vendarle smo do\u010dakali razplet: Ovadba zaradi oku\u017eene vode v Maximarketu<\/a>\n\n\n\n        \n<div class=\"wprss-feed-meta\">\n            <span class=\"feed-source\">\n            Vir:\n\n                            Latest - zurnal24.si\n                    <\/span>\n    \n            <span class=\"time-ago\">\n            Objavljeno 58 minutes ago\n        <\/span>\n    \n    <\/div>\n\n            \n        <\/li>\n                    <li class=\"wpra-item feed-item \">\n            \n                \n\n    <a  href=\"https:\/\/www.sta.si\/3545404\/predlog-interventnega-zakona-bi-izenacil-stanovalce-v-domovih\" target=\"_blank\" rel=\"nofollow\" class=\"\">Predlog interventnega zakona bi izena\u010dil stanovalce v domovih<\/a>\n\n\n\n        \n<div class=\"wprss-feed-meta\">\n            <span class=\"feed-source\">\n            Vir:\n\n                            STA\n                    <\/span>\n    \n            <span class=\"time-ago\">\n            Objavljeno 1 hour ago\n        <\/span>\n    \n    <\/div>\n\n            \n        <\/li>\n                    <li class=\"wpra-item feed-item \">\n            \n                \n\n    <a  href=\"https:\/\/www.zurnal24.si\/slovenija\/delavci-avstrija-vracilo-denarja-druzina-457637\" target=\"_blank\" rel=\"nofollow\" class=\"\">Delavcem grozi vra\u010dilo tiso\u010dev evrov: Pisma bodo pri\u0161la \u017ee kmalu<\/a>\n\n\n\n        \n<div class=\"wprss-feed-meta\">\n            <span class=\"feed-source\">\n            Vir:\n\n                            Latest - zurnal24.si\n                    <\/span>\n    \n            <span class=\"time-ago\">\n            Objavljeno 1 hour ago\n        <\/span>\n    \n    <\/div>\n\n            \n        <\/li>\n                    <li class=\"wpra-item feed-item \">\n            \n                \n\n    <a  href=\"https:\/\/www.delo.si\/sport\/nogomet\/real-v-munchnu-s-crnimi-trakovi-umrl-je-legendarni-kapetan\" target=\"_blank\" rel=\"nofollow\" class=\"\">Real v M\u00fcnchnu s \u010drnimi trakovi, umrl je legendarni kapetan<\/a>\n\n\n\n        \n<div class=\"wprss-feed-meta\">\n            <span class=\"feed-source\">\n            Vir:\n\n                            Delo\n                    <\/span>\n    \n            <span class=\"time-ago\">\n            Objavljeno 1 hour ago\n        <\/span>\n    \n    <\/div>\n\n            \n        <\/li>\n                    <li class=\"wpra-item feed-item \">\n            \n                \n\n    <a  href=\"https:\/\/nova24tv.si\/vpoklic-sodisca-v-cas-sestavljanja-vlade-zadeva-trenta-znova-ozivela\/\" target=\"_blank\" rel=\"nofollow\" class=\"\">Vpoklic sodi\u0161\u010da v \u010das sestavljanja vlade? Zadeva Trenta znova o\u017eivela<\/a>\n\n\n\n        \n<div class=\"wprss-feed-meta\">\n            <span class=\"feed-source\">\n            Vir:\n\n                            Nova24TV\n                    <\/span>\n    \n            <span class=\"time-ago\">\n            Objavljeno 1 hour ago\n        <\/span>\n    \n            <span class=\"feed-author\">\n            Od anitg\n        <\/span>\n    <\/div>\n\n            \n        <\/li>\n                    <li class=\"wpra-item feed-item \">\n            \n                \n\n    <a  href=\"https:\/\/govorise.metropolitan.si\/traci\/tuji-traci\/psihiatri-trumpovo-sokantno-vedenje\/\" target=\"_blank\" rel=\"nofollow\" class=\"\">Psihiatri analizirali Trumpovo \u0161okantno vedenje, bojijo se najhuj\u0161ega scenarija<\/a>\n\n\n\n        \n<div class=\"wprss-feed-meta\">\n            <span class=\"feed-source\">\n            Vir:\n\n                            Govori se\n                    <\/span>\n    \n            <span class=\"time-ago\">\n            Objavljeno 2 hours ago\n        <\/span>\n    \n    <\/div>\n\n            \n        <\/li>\n                    <li class=\"wpra-item feed-item \">\n            \n                \n\n    <a  href=\"https:\/\/www.sta.si\/3545355\/predsednik-dume-cestital-stevanovicu-za-izvolitev\" target=\"_blank\" rel=\"nofollow\" class=\"\">Predsednik dume \u010destital Stevanovi\u0107u za izvolitev<\/a>\n\n\n\n        \n<div class=\"wprss-feed-meta\">\n            <span class=\"feed-source\">\n            Vir:\n\n                            STA\n                    <\/span>\n    \n            <span class=\"time-ago\">\n            Objavljeno 2 hours ago\n        <\/span>\n    \n    <\/div>\n\n            \n        <\/li>\n                    <li class=\"wpra-item feed-item \">\n            \n                \n\n    <a  href=\"https:\/\/www.finance.si\/subvencije\/ugodna-posojila-14-odstotna-fiksna-obrestna-mera-za-podjetja-iz-87-obcin\/a\/9046197?src=rss\" target=\"_blank\" rel=\"nofollow\" class=\"\">Ugodna posojila: 1,4-odstotna fiksna obrestna mera za podjetja iz 87 ob\u010din<\/a>\n\n\n\n        \n<div class=\"wprss-feed-meta\">\n            <span class=\"feed-source\">\n            Vir:\n\n                            Finance\n                    <\/span>\n    \n            <span class=\"time-ago\">\n            Objavljeno 3 hours ago\n        <\/span>\n    \n    <\/div>\n\n            \n        <\/li>\n                    <li class=\"wpra-item feed-item \">\n            \n                \n\n    <a  href=\"https:\/\/govorise.metropolitan.si\/traci\/tuji-traci\/princ-harry-in-meghan-markle-obisk-avstralija-vstopnina-srecanje-26\/\" target=\"_blank\" rel=\"nofollow\" class=\"\">Pobegli kraljevi par se zdaj mudi tukaj, princ Harry in Meghan za sre\u010danje zahtevata vrtoglave cene<\/a>\n\n\n\n        \n<div class=\"wprss-feed-meta\">\n            <span class=\"feed-source\">\n            Vir:\n\n                            Govori se\n                    <\/span>\n    \n            <span class=\"time-ago\">\n            Objavljeno 5 hours ago\n        <\/span>\n    \n    <\/div>\n\n            \n        <\/li>\n                    <li class=\"wpra-item feed-item \">\n            \n                \n\n    <a  href=\"https:\/\/govorise.metropolitan.si\/traci\/domaci-traci\/david-amaro-maja-blagdan-posnetek-nastop-balkan-tvoje-lice-zvuci-poznato-26\/\" target=\"_blank\" rel=\"nofollow\" class=\"\">Ta znani Slovenec na Hrva\u0161kem dviguje veliko prahu: za vse je kriv ta posnetek<\/a>\n\n\n\n        \n<div class=\"wprss-feed-meta\">\n            <span class=\"feed-source\">\n            Vir:\n\n                            Govori se\n                    <\/span>\n    \n            <span class=\"time-ago\">\n            Objavljeno 6 hours ago\n        <\/span>\n    \n    <\/div>\n\n            \n        <\/li>\n                    <li class=\"wpra-item feed-item \">\n            \n                \n\n    <a  href=\"http:\/\/www.delo.si\/sport\/nogomet\/hansi-flick-zasluzili-smo-si-polfinale\" target=\"_blank\" rel=\"nofollow\" class=\"\">Hansi Flick: Zaslu\u017eili smo si polfinale<\/a>\n\n\n\n        \n<div class=\"wprss-feed-meta\">\n            <span class=\"feed-source\">\n            Vir:\n\n                            Delo\n                    <\/span>\n    \n            <span class=\"time-ago\">\n            Objavljeno 7 hours ago\n        <\/span>\n    \n    <\/div>\n\n            \n        <\/li>\n                    <li class=\"wpra-item feed-item \">\n            \n                \n\n    <a  href=\"http:\/\/www.delo.si\/magazin\/vikend\/knjiga-tedna-krst-pri-savici-ljubezenska-zgodba-o-crtomiru-in-bogomili-strip-bostjan-gorenc-pizama-in-jaka-vukotic\" target=\"_blank\" rel=\"nofollow\" class=\"\">Knjiga tedna: Krst pri Savici, ljubezenska zgodba \u010crtomira in Bogomile vstripu<\/a>\n\n\n\n        \n<div class=\"wprss-feed-meta\">\n            <span class=\"feed-source\">\n            Vir:\n\n                            Delo\n                    <\/span>\n    \n            <span class=\"time-ago\">\n            Objavljeno 7 hours ago\n        <\/span>\n    \n    <\/div>\n\n            \n        <\/li>\n                    <li class=\"wpra-item feed-item \">\n            \n                \n\n    <a  href=\"https:\/\/govorise.metropolitan.si\/traci\/domaci-traci\/nuska-drascek-nova-zirantka-slovenija-ima-talent\/\" target=\"_blank\" rel=\"nofollow\" class=\"\">To je nova velika zvezda na POP TV in mi razkrivamo, kje jo boste lahko videli<\/a>\n\n\n\n        \n<div class=\"wprss-feed-meta\">\n            <span class=\"feed-source\">\n            Vir:\n\n                            Govori se\n                    <\/span>\n    \n            <span class=\"time-ago\">\n            Objavljeno 7 hours ago\n        <\/span>\n    \n    <\/div>\n\n            \n        <\/li>\n                    <li class=\"wpra-item feed-item \">\n            \n                \n\n    <a  href=\"https:\/\/govorise.metropolitan.si\/zanimivosti\/znaki-ki-kazejo-da-ste-odvisni-od-mobitela\/\" target=\"_blank\" rel=\"nofollow\" class=\"\">Znaki, ki ka\u017eejo, da ste odvisni od mobitela<\/a>\n\n\n\n        \n<div class=\"wprss-feed-meta\">\n            <span class=\"feed-source\">\n            Vir:\n\n                            Govori se\n                    <\/span>\n    \n            <span class=\"time-ago\">\n            Objavljeno 9 hours ago\n        <\/span>\n    \n    <\/div>\n\n            \n        <\/li>\n                    <li class=\"wpra-item feed-item \">\n            \n                \n\n    <a  href=\"https:\/\/govorise.metropolitan.si\/zanimivosti\/zakaj-skleda-solate-na-dan-nikakor-ne-pokrije-dnevni-potreb-po-vlakninah\/\" target=\"_blank\" rel=\"nofollow\" class=\"\">Zakaj skleda solate na dan nikakor ne pokrije dnevnih potreb po vlakninah<\/a>\n\n\n\n        \n<div class=\"wprss-feed-meta\">\n            <span class=\"feed-source\">\n            Vir:\n\n                            Govori se\n                    <\/span>\n    \n            <span class=\"time-ago\">\n            Objavljeno 9 hours ago\n        <\/span>\n    \n    <\/div>\n\n            \n        <\/li>\n                    <li class=\"wpra-item feed-item \">\n            \n                \n\n    <a  href=\"https:\/\/www.zurnal24.si\/moj-sanjski-siht\/namesto-na-faks-na-facebook-457561\" target=\"_blank\" rel=\"nofollow\" class=\"\">19-letnica do nore zaposlitvene prilo\u017enosti brez faksa in izku\u0161enj<\/a>\n\n\n\n        \n<div class=\"wprss-feed-meta\">\n            <span class=\"feed-source\">\n            Vir:\n\n                            Latest - zurnal24.si\n                    <\/span>\n    \n            <span class=\"time-ago\">\n            Objavljeno 9 hours ago\n        <\/span>\n    \n    <\/div>\n\n            \n        <\/li>\n                    <li class=\"wpra-item feed-item \">\n            \n                \n\n    <a  href=\"https:\/\/www.zurnal24.si\/avto\/slovenija-dobiva-dodatne-v4-superchargerje-457549\" target=\"_blank\" rel=\"nofollow\" class=\"\">Slovenija dobiva dodatne V4 Superchargerje<\/a>\n\n\n\n        \n<div class=\"wprss-feed-meta\">\n            <span class=\"feed-source\">\n            Vir:\n\n                            Latest - zurnal24.si\n                    <\/span>\n    \n            <span class=\"time-ago\">\n            Objavljeno 9 hours ago\n        <\/span>\n    \n    <\/div>\n\n            \n        <\/li>\n                    <li class=\"wpra-item feed-item \">\n            \n                \n\n    <a  href=\"https:\/\/www.zurnal24.si\/avto\/testi\/ds-no-8-test-elektricna-limuzina-francija-predsednik-457414\" target=\"_blank\" rel=\"nofollow\" class=\"\">Preskusili smo francosko predsedni\u0161ko limuzino<\/a>\n\n\n\n        \n<div class=\"wprss-feed-meta\">\n            <span class=\"feed-source\">\n            Vir:\n\n                            Latest - zurnal24.si\n                    <\/span>\n    \n            <span class=\"time-ago\">\n            Objavljeno 9 hours ago\n        <\/span>\n    \n    <\/div>\n\n            \n        <\/li>\n                    <li class=\"wpra-item feed-item \">\n            \n                \n\n    <a  href=\"https:\/\/www.zurnal24.si\/magazin\/vip\/pop-tv-zamenjal-vse-le-njega-ne-457567\" target=\"_blank\" rel=\"nofollow\" class=\"\">Pop TV zamenjal vse, le njega ne!<\/a>\n\n\n\n        \n<div class=\"wprss-feed-meta\">\n            <span class=\"feed-source\">\n            Vir:\n\n                            Latest - zurnal24.si\n                    <\/span>\n    \n            <span class=\"time-ago\">\n            Objavljeno 9 hours ago\n        <\/span>\n    \n    <\/div>\n\n            \n        <\/li>\n                    <li class=\"wpra-item feed-item \">\n            \n                \n\n    <a  href=\"https:\/\/govorise.metropolitan.si\/traci\/zoran-stevanovic-povedal-vso-resnico-o-svoji-sestri-in-mnogi-so-to-po-tiho-ze-vedeli\/\" target=\"_blank\" rel=\"nofollow\" class=\"\">Zoran Stevanovi\u0107 povedal vso resnico o svoji sestri in mnogi so to po tiho \u017ee vedeli<\/a>\n\n\n\n        \n<div class=\"wprss-feed-meta\">\n            <span class=\"feed-source\">\n            Vir:\n\n                            Govori se\n                    <\/span>\n    \n            <span class=\"time-ago\">\n            Objavljeno 10 hours ago\n        <\/span>\n    \n    <\/div>\n\n            \n        <\/li>\n                    <li class=\"wpra-item feed-item \">\n            \n                \n\n    <a  href=\"https:\/\/govorise.metropolitan.si\/zanimivosti\/locitev-novega-voditelja-madzarske-petra-magyara\/\" target=\"_blank\" rel=\"nofollow\" class=\"\">P\u00e9ter Magyar se je tiho lo\u010dil od \u017eene, nato leta 2024 vse eskaliralo: &quot;Zaklepal me je v prostor, hod...<\/a>\n\n\n\n        \n<div class=\"wprss-feed-meta\">\n            <span class=\"feed-source\">\n            Vir:\n\n                            Govori se\n                    <\/span>\n    \n            <span class=\"time-ago\">\n            Objavljeno 10 hours ago\n        <\/span>\n    \n    <\/div>\n\n            \n        <\/li>\n                    <li class=\"wpra-item feed-item \">\n            \n                \n\n    <a  href=\"http:\/\/www.delo.si\/novice\/slovenija\/delez-zivil-slovenskega-porekla-na-policah-pada\" target=\"_blank\" rel=\"nofollow\" class=\"\">Na trgovskih policah vedno manj \u017eivil slovenskega porekla<\/a>\n\n\n\n        \n<div class=\"wprss-feed-meta\">\n            <span class=\"feed-source\">\n            Vir:\n\n                            Delo\n                    <\/span>\n    \n            <span class=\"time-ago\">\n            Objavljeno 10 hours ago\n        <\/span>\n    \n    <\/div>\n\n            \n        <\/li>\n                    <li class=\"wpra-item feed-item \">\n            \n                \n\n    <a  href=\"https:\/\/www.politikis.si\/2026\/04\/papez-leon-xiv-v-okviru-obiska-v-alziriji-bog-ni-na-strani-zlobnezev-nasilnezev-in-osabnih\/\" target=\"_blank\" rel=\"nofollow\" class=\"\">Pape\u017e Leon XIV v okviru obiska v Al\u017eiriji: Bog ni na strani zlobne\u017eev, nasilne\u017eev in o\u0161abnih<\/a>\n\n\n\n        \n<div class=\"wprss-feed-meta\">\n            <span class=\"feed-source\">\n            Vir:\n\n                            Politikis\n                    <\/span>\n    \n            <span class=\"time-ago\">\n            Objavljeno 19 hours ago\n        <\/span>\n    \n            <span class=\"feed-author\">\n            Od Urednistvo\n        <\/span>\n    <\/div>\n\n            \n        <\/li>\n                    <li class=\"wpra-item feed-item \">\n            \n                \n\n    <a  href=\"https:\/\/www.rtvslo.si\/slovenija\/varuhinja-podprla-pobudo-za-izobrazevanje-sodnikov-porotnikov\/779386\" target=\"_blank\" rel=\"nofollow\" class=\"\">Varuhinja podprla pobudo za izobra\u017eevanje sodnikov porotnikov<\/a>\n\n\n\n        \n<div class=\"wprss-feed-meta\">\n            <span class=\"feed-source\">\n            Vir:\n\n                            MMC RTV - Slovenija\n                    <\/span>\n    \n            <span class=\"time-ago\">\n            Objavljeno 20 hours ago\n        <\/span>\n    \n    <\/div>\n\n            \n        <\/li>\n                    <li class=\"wpra-item feed-item \">\n            \n                \n\n    <a  href=\"https:\/\/www.politikis.si\/2026\/04\/dars-ob-zastojih-na-stajerski-avtocesti-voznike-poziva-k-prilagojeni-voznji\/\" target=\"_blank\" rel=\"nofollow\" class=\"\">Dars ob zastojih na \u0161tajerski avtocesti voznike poziva k prilagojeni vo\u017enji<\/a>\n\n\n\n        \n<div class=\"wprss-feed-meta\">\n            <span class=\"feed-source\">\n            Vir:\n\n                            Politikis\n                    <\/span>\n    \n            <span class=\"time-ago\">\n            Objavljeno 20 hours ago\n        <\/span>\n    \n            <span class=\"feed-author\">\n            Od Urednistvo\n        <\/span>\n    <\/div>\n\n            \n        <\/li>\n                    <li class=\"wpra-item feed-item \">\n            \n                \n\n    <a  href=\"https:\/\/www.sta.si\/3545067\/na-sojenju-za-uboj-v-lovrencu-na-pohorju-obtozena-zanikala-trditve-price\" target=\"_blank\" rel=\"nofollow\" class=\"\">Na sojenju za uboj v Lovrencu na Pohorju obto\u017eena zanikala trditve pri\u010de<\/a>\n\n\n\n        \n<div class=\"wprss-feed-meta\">\n            <span class=\"feed-source\">\n            Vir:\n\n                            STA\n                    <\/span>\n    \n            <span class=\"time-ago\">\n            Objavljeno 23 hours ago\n        <\/span>\n    \n    <\/div>\n\n            \n        <\/li>\n                    <li class=\"wpra-item feed-item \">\n            \n                \n\n    <a  href=\"https:\/\/www.politikis.si\/2026\/04\/pregled-najnovejsih-napovedi-bdp-za-slovenijo\/\" target=\"_blank\" rel=\"nofollow\" class=\"\">Pregled najnovej\u0161ih napovedi BDP za Slovenijo<\/a>\n\n\n\n        \n<div class=\"wprss-feed-meta\">\n            <span class=\"feed-source\">\n            Vir:\n\n                            Politikis\n                    <\/span>\n    \n            <span class=\"time-ago\">\n            Objavljeno 23 hours ago\n        <\/span>\n    \n            <span class=\"feed-author\">\n            Od Urednistvo\n        <\/span>\n    <\/div>\n\n            \n        <\/li>\n        <\/ul>\n\n        \n<\/div>\n\n<\/div>\n","protected":false},"excerpt":{"rendered":"<p>Sve\u017ee novice iz slovenskih medijev &nbsp;<\/p>\n","protected":false},"author":1,"featured_media":455,"parent":0,"menu_order":0,"comment_status":"closed","ping_status":"closed","template":"","meta":{"_mi_skip_tracking":false,"_links_to":"","_links_to_target":""},"_links":{"self":[{"href":"https:\/\/velenje.nadlani.online\/doma\/wp-json\/wp\/v2\/pages\/781"}],"collection":[{"href":"https:\/\/velenje.nadlani.online\/doma\/wp-json\/wp\/v2\/pages"}],"about":[{"href":"https:\/\/velenje.nadlani.online\/doma\/wp-json\/wp\/v2\/types\/page"}],"author":[{"embeddable":true,"href":"https:\/\/velenje.nadlani.online\/doma\/wp-json\/wp\/v2\/users\/1"}],"replies":[{"embeddable":true,"href":"https:\/\/velenje.nadlani.online\/doma\/wp-json\/wp\/v2\/comments?post=781"}],"version-history":[{"count":5,"href":"https:\/\/velenje.nadlani.online\/doma\/wp-json\/wp\/v2\/pages\/781\/revisions"}],"predecessor-version":[{"id":25120,"href":"https:\/\/velenje.nadlani.online\/doma\/wp-json\/wp\/v2\/pages\/781\/revisions\/25120"}],"wp:featuredmedia":[{"embeddable":true,"href":"https:\/\/velenje.nadlani.online\/doma\/wp-json\/wp\/v2\/media\/455"}],"wp:attachment":[{"href":"https:\/\/velenje.nadlani.online\/doma\/wp-json\/wp\/v2\/media?parent=781"}],"curies":[{"name":"wp","href":"https:\/\/api.w.org\/{rel}","templated":true}]}}