{"id":898,"date":"2018-09-19T06:40:48","date_gmt":"2018-09-19T04:40:48","guid":{"rendered":"https:\/\/neodvisni-velenje.com\/doma\/?page_id=898"},"modified":"2018-09-19T07:13:58","modified_gmt":"2018-09-19T05:13:58","slug":"cenik-oglasov","status":"publish","type":"page","link":"https:\/\/velenje.nadlani.online\/doma\/cenik-oglasov\/","title":{"rendered":"Cenik oglasov"},"content":{"rendered":"<p><strong>Pogoji:<\/strong><br \/>\nOglase se zakupi za najmanj 7 dni. Na ponovitve oglasov priznamo popuste kot so navedeni spodaj. Cena ogla\u0161evanja ne vsebuje cene izdelave oglasa, ta se v skladu z dogovorom pla\u010da posebej in je odvisna od zahtevnosti izdelave. Vse cene vklju\u010dujejo 22% DDV.<\/p>\n<p><strong>Popusti:<br \/>\n<\/strong>ponovitev oglasa 1x&#8230;&#8230;&#8230;.. 5%<br \/>\nponovitev oglasa 3x&#8230;&#8230;&#8230;.. 7%<br \/>\nponovitev oglasa 10x&#8230;&#8230;&#8230;.. 15%<br \/>\nMese\u010dna naro\u010dnina&#8230;&#8230;&#8230;..\u00a08%<br \/>\nLetna naro\u010dnina&#8230;&#8230;&#8230;.. 20%<\/p>\n<p><strong>Oglasi na prvi strani:<br \/>\n<\/strong>Oglasi na levem robu strani:<br \/>\n300&#215;250&#8230;&#8230;&#8230;.. 40\u20ac<br \/>\n300&#215;500&#8230;&#8230;&#8230;.. 100\u20ac<\/p>\n<p>Oglasi na desnem robu strani:<strong><br \/>\n<\/strong>300&#215;250&#8230;&#8230;&#8230;.. 50\u20ac<br \/>\n300&#215;500&#8230;&#8230;&#8230;.. 130\u20ac<\/p>\n<p>&nbsp;<\/p>\n<p><strong>Oglasi na strani Diskusije<\/strong><br \/>\nOglas pod naslovom Doskusije&#8230;&#8230;&#8230;&#8230;. 200\u20ac<br \/>\nSponzor pod temo diskusije&#8230;&#8230;&#8230;&#8230;. 30\u20ac<\/p>\n<p>Oglasi na levem robu strani:<br \/>\n300&#215;250&#8230;&#8230;&#8230;.. 50\u20ac<br \/>\n300&#215;500&#8230;&#8230;&#8230;.. 130\u20ac<\/p>\n<p>Oglasi na desnem robu strani:<strong><br \/>\n<\/strong>300&#215;250&#8230;&#8230;&#8230;.. 70\u20ac<br \/>\n300&#215;500&#8230;&#8230;&#8230;.. 180\u20ac<\/p>\n<p>&nbsp;<\/p>\n<p><strong>Oglasi na strani Obvestila<br \/>\n<\/strong>Oglasi za malice:<br \/>\nlogotip restavracije&#8230;&#8230;&#8230;.. 40\u20ac<\/p>\n<p>Oglasi na levem robu strani:<br \/>\n300&#215;250&#8230;&#8230;&#8230;.. 40\u20ac<br \/>\n300&#215;500&#8230;&#8230;&#8230;.. 100\u20ac<\/p>\n<p>Oglasi na desnem robu strani:<strong><br \/>\n<\/strong>300&#215;250&#8230;&#8230;&#8230;.. 50\u20ac<br \/>\n300&#215;500&#8230;&#8230;&#8230;.. 130\u20ac<\/p>\n<p>&nbsp;<\/p>\n<p><strong>Oglasi na strani Mali oglasi<br \/>\n(za podjetja, s.p.)<\/strong><br \/>\ndo 100 besed, 3 fotografije&#8230;&#8230;&#8230;.. 15\u20ac<br \/>\ndo 200 besed, 5 fotografij&#8230;&#8230;&#8230;&#8230;. 20\u20ac<\/p>\n<p>Oglasi na levem robu strani:<br \/>\n300&#215;250&#8230;&#8230;&#8230;.. 40\u20ac<br \/>\n300&#215;500&#8230;&#8230;&#8230;.. 100\u20ac<\/p>\n<p>Oglasi na desnem robu strani:<strong><br \/>\n<\/strong>300&#215;250&#8230;&#8230;&#8230;.. 50\u20ac<br \/>\n300&#215;500&#8230;&#8230;&#8230;.. 130\u20ac<\/p>\n<p>&nbsp;<\/p>\n<p><strong>Oglasi na strani Pogrebi<br \/>\n<\/strong>Logotip pogrebnih storitev&#8230;&#8230;&#8230;&#8230;. 20\u20ac<strong><\/p>\n<p><\/strong>Oglasi na levem robu strani:<br \/>\n300&#215;250&#8230;&#8230;&#8230;.. 15\u20ac<br \/>\n300&#215;500&#8230;&#8230;&#8230;.. 40\u20ac<\/p>\n<p>Oglasi na desnem robu strani:<strong><br \/>\n<\/strong>300&#215;250&#8230;&#8230;&#8230;.. 20\u20ac<br \/>\n300&#215;500&#8230;&#8230;&#8230;.. 50\u20ac<\/p>\n<p>&nbsp;<\/p>\n<p>&nbsp;<\/p>\n","protected":false},"excerpt":{"rendered":"<p>Pogoji: Oglase se zakupi za najmanj 7 dni. Na ponovitve oglasov priznamo popuste kot so navedeni spodaj. Cena ogla\u0161evanja ne vsebuje cene izdelave oglasa, ta se v skladu z dogovorom pla\u010da posebej in je odvisna od zahtevnosti izdelave. Vse cene vklju\u010dujejo 22% DDV. Popusti: ponovitev oglasa 1x&#8230;&#8230;&#8230;.. 5% ponovitev oglasa 3x&#8230;&#8230;&#8230;.. 7% ponovitev oglasa 10x&#8230;&#8230;&#8230;.. [&hellip;]<\/p>\n","protected":false},"author":1,"featured_media":0,"parent":0,"menu_order":0,"comment_status":"closed","ping_status":"closed","template":"","meta":{"_mi_skip_tracking":false,"_links_to":"","_links_to_target":""},"_links":{"self":[{"href":"https:\/\/velenje.nadlani.online\/doma\/wp-json\/wp\/v2\/pages\/898"}],"collection":[{"href":"https:\/\/velenje.nadlani.online\/doma\/wp-json\/wp\/v2\/pages"}],"about":[{"href":"https:\/\/velenje.nadlani.online\/doma\/wp-json\/wp\/v2\/types\/page"}],"author":[{"embeddable":true,"href":"https:\/\/velenje.nadlani.online\/doma\/wp-json\/wp\/v2\/users\/1"}],"replies":[{"embeddable":true,"href":"https:\/\/velenje.nadlani.online\/doma\/wp-json\/wp\/v2\/comments?post=898"}],"version-history":[{"count":9,"href":"https:\/\/velenje.nadlani.online\/doma\/wp-json\/wp\/v2\/pages\/898\/revisions"}],"predecessor-version":[{"id":910,"href":"https:\/\/velenje.nadlani.online\/doma\/wp-json\/wp\/v2\/pages\/898\/revisions\/910"}],"wp:attachment":[{"href":"https:\/\/velenje.nadlani.online\/doma\/wp-json\/wp\/v2\/media?parent=898"}],"curies":[{"name":"wp","href":"https:\/\/api.w.org\/{rel}","templated":true}]}}